{"id":1295,"date":"2021-01-21T14:14:39","date_gmt":"2021-01-21T13:14:39","guid":{"rendered":"https:\/\/www.sarahnash.at\/?page_id=1295"},"modified":"2022-03-14T11:59:43","modified_gmt":"2022-03-14T10:59:43","slug":"ueber-mich","status":"publish","type":"page","link":"https:\/\/www.sarahnash.at\/de\/ueber-mich\/","title":{"rendered":"\u00dcber mich"},"content":{"rendered":"\t\t<div data-elementor-type=\"wp-page\" data-elementor-id=\"1295\" class=\"elementor elementor-1295\">\n\t\t\t\t\t\t<section class=\"elementor-section elementor-top-section elementor-element elementor-element-4725565 elementor-section-boxed elementor-section-height-default elementor-section-height-default\" data-id=\"4725565\" data-element_type=\"section\" data-e-type=\"section\">\n\t\t\t\t\t\t<div class=\"elementor-container elementor-column-gap-default\">\n\t\t\t\t\t<div class=\"elementor-column elementor-col-100 elementor-top-column elementor-element elementor-element-2cc5e15 ot-flex-column-vertical\" data-id=\"2cc5e15\" data-element_type=\"column\" data-e-type=\"column\">\n\t\t\t<div class=\"elementor-widget-wrap elementor-element-populated\">\n\t\t\t\t\t\t<div class=\"elementor-element elementor-element-17eaa5d elementor-hidden-phone elementor-widget elementor-widget-spacer\" data-id=\"17eaa5d\" data-element_type=\"widget\" data-e-type=\"widget\" data-widget_type=\"spacer.default\">\n\t\t\t\t<div class=\"elementor-widget-container\">\n\t\t\t\t\t\t\t<div class=\"elementor-spacer\">\n\t\t\t<div class=\"elementor-spacer-inner\"><\/div>\n\t\t<\/div>\n\t\t\t\t\t\t<\/div>\n\t\t\t\t<\/div>\n\t\t\t\t\t<\/div>\n\t\t<\/div>\n\t\t\t\t\t<\/div>\n\t\t<\/section>\n\t\t\t\t<section class=\"elementor-section elementor-top-section elementor-element elementor-element-42b0336 elementor-section-boxed elementor-section-height-default elementor-section-height-default\" data-id=\"42b0336\" data-element_type=\"section\" data-e-type=\"section\">\n\t\t\t\t\t\t<div class=\"elementor-container elementor-column-gap-extended\">\n\t\t\t\t\t<div class=\"elementor-column elementor-col-33 elementor-top-column elementor-element elementor-element-814448d ot-flex-column-vertical\" data-id=\"814448d\" data-element_type=\"column\" data-e-type=\"column\">\n\t\t\t<div class=\"elementor-widget-wrap elementor-element-populated\">\n\t\t\t\t\t\t<div class=\"elementor-element elementor-element-8b8ac65 elementor-widget elementor-widget-image\" data-id=\"8b8ac65\" data-element_type=\"widget\" data-e-type=\"widget\" data-widget_type=\"image.default\">\n\t\t\t\t<div class=\"elementor-widget-container\">\n\t\t\t\t\t\t\t\t\t\t\t\t\t\t\t<img fetchpriority=\"high\" decoding=\"async\" width=\"945\" height=\"1416\" src=\"https:\/\/www.sarahnash.at\/wp-content\/uploads\/Unbenannt.jpg\" class=\"attachment-full size-full wp-image-1752\" alt=\"\" srcset=\"https:\/\/www.sarahnash.at\/wp-content\/uploads\/Unbenannt.jpg 945w, https:\/\/www.sarahnash.at\/wp-content\/uploads\/Unbenannt-200x300.jpg 200w, https:\/\/www.sarahnash.at\/wp-content\/uploads\/Unbenannt-683x1024.jpg 683w, https:\/\/www.sarahnash.at\/wp-content\/uploads\/Unbenannt-768x1151.jpg 768w\" sizes=\"(max-width: 945px) 100vw, 945px\" \/>\t\t\t\t\t\t\t\t\t\t\t\t\t\t\t<\/div>\n\t\t\t\t<\/div>\n\t\t\t\t\t<\/div>\n\t\t<\/div>\n\t\t\t\t<div class=\"elementor-column elementor-col-66 elementor-top-column elementor-element elementor-element-234653c ot-flex-column-vertical\" data-id=\"234653c\" data-element_type=\"column\" data-e-type=\"column\">\n\t\t\t<div class=\"elementor-widget-wrap elementor-element-populated\">\n\t\t\t\t\t\t<div class=\"elementor-element elementor-element-62fc900 elementor-widget elementor-widget-heading\" data-id=\"62fc900\" data-element_type=\"widget\" data-e-type=\"widget\" data-widget_type=\"heading.default\">\n\t\t\t\t<div class=\"elementor-widget-container\">\n\t\t\t\t\t<h3 class=\"elementor-heading-title elementor-size-default\">Dr. Sarah Louise Nash<\/h3>\t\t\t\t<\/div>\n\t\t\t\t<\/div>\n\t\t\t\t<div class=\"elementor-element elementor-element-36f9577 elementor-widget elementor-widget-heading\" data-id=\"36f9577\" data-element_type=\"widget\" data-e-type=\"widget\" data-widget_type=\"heading.default\">\n\t\t\t\t<div class=\"elementor-widget-container\">\n\t\t\t\t\t<h5 class=\"elementor-heading-title elementor-size-default\">Politikwissenschaftlerin, Autorin, Rednerin<\/h5>\t\t\t\t<\/div>\n\t\t\t\t<\/div>\n\t\t\t\t<div class=\"elementor-element elementor-element-75d4ef0 elementor-widget elementor-widget-text-editor\" data-id=\"75d4ef0\" data-element_type=\"widget\" data-e-type=\"widget\" data-widget_type=\"text-editor.default\">\n\t\t\t\t<div class=\"elementor-widget-container\">\n\t\t\t\t\t\t\t\t\t<p style=\"text-align: justify;\">Dr. Sarah Louise Nash ist Politikwissenschaftlerin und forscht an der Universit\u00e4t f\u00fcr Weiterbildung Krems (Donau Universit\u00e4t) und am Institut f\u00fcr Wald-, Umwelt-, und Ressourcenpolitik an der Universit\u00e4t f\u00fcr Bodenkultur (BOKU) in Wien. Seit M\u00e4rz 2020 ist sie im Rahmen einer Marie Sk\u0142odowska-Curie Ma\u00dfnahme der Europ\u00e4ischen Kommission t\u00e4tig. Ihr Forschungsfeld umschlie\u00dft Politik und Politikfeldanalyse an der Schnittstelle von Klima und Migration. Sie n\u00e4hert sich den damit verbundenen Fragestellungen aus einer kritischen, diskursanalytischen Perspektive. Ihre Forschung konzentriert sich auf internationale politische Prozesse sowie europ\u00e4ischen Nationalstaaten.<\/p><p style=\"text-align: justify;\">Nash hat einen PhD in Politikwissenschaft von der Universit\u00e4t Hamburg, einen MSc in Menschenrechte und internationale Politik von der Universit\u00e4t Glasgow, einen MA in Deutsch und Politik von der Universit\u00e4t Edinburgh und einen BA in Politikwissenschaft von der Universit\u00e4t Wien. Vor Sie an der BOKU angefangen hat, war sie Mercator-IPC Stipendiatin an der Istanbul Policy Center in Istanbul.<\/p><p style=\"text-align: justify;\">Ihr erstes Buch \u201eNegotiating Migration in the Context of Climate Change. International Policy and Discourse\u201c ist 2019 mit Bristol University Press erschienen.<\/p>\t\t\t\t\t\t\t\t<\/div>\n\t\t\t\t<\/div>\n\t\t\t\t<div class=\"elementor-element elementor-element-f6ade31 elementor-widget elementor-widget-button\" data-id=\"f6ade31\" data-element_type=\"widget\" data-e-type=\"widget\" data-widget_type=\"button.default\">\n\t\t\t\t<div class=\"elementor-widget-container\">\n\t\t\t\t\t\t\t\t\t<div class=\"elementor-button-wrapper\">\n\t\t\t\t\t<a class=\"elementor-button elementor-button-link elementor-size-md\" href=\"https:\/\/www.sarahnash.at\/wp-content\/uploads\/nash-CV-2021.pdf\" target=\"_blank\">\n\t\t\t\t\t\t<span class=\"elementor-button-content-wrapper\">\n\t\t\t\t\t\t\t\t\t<span class=\"elementor-button-text\">DOWNLOAD CV<\/span>\n\t\t\t\t\t<\/span>\n\t\t\t\t\t<\/a>\n\t\t\t\t<\/div>\n\t\t\t\t\t\t\t\t<\/div>\n\t\t\t\t<\/div>\n\t\t\t\t\t<\/div>\n\t\t<\/div>\n\t\t\t\t\t<\/div>\n\t\t<\/section>\n\t\t\t\t<section class=\"elementor-section elementor-top-section elementor-element elementor-element-b006ee1 elementor-section-boxed elementor-section-height-default elementor-section-height-default\" data-id=\"b006ee1\" data-element_type=\"section\" data-e-type=\"section\">\n\t\t\t\t\t\t<div class=\"elementor-container elementor-column-gap-extended\">\n\t\t\t\t\t<div class=\"elementor-column elementor-col-50 elementor-top-column elementor-element elementor-element-aab6cba ot-flex-column-vertical\" data-id=\"aab6cba\" data-element_type=\"column\" data-e-type=\"column\">\n\t\t\t<div class=\"elementor-widget-wrap elementor-element-populated\">\n\t\t\t\t\t\t<div class=\"elementor-element elementor-element-c451118 elementor-widget elementor-widget-heading\" data-id=\"c451118\" data-element_type=\"widget\" data-e-type=\"widget\" data-widget_type=\"heading.default\">\n\t\t\t\t<div class=\"elementor-widget-container\">\n\t\t\t\t\t<h2 class=\"elementor-heading-title elementor-size-default\">Folge mir<\/h2>\t\t\t\t<\/div>\n\t\t\t\t<\/div>\n\t\t\t\t<div class=\"elementor-element elementor-element-212c2fb elementor-widget elementor-widget-wp-widget-custom_html\" data-id=\"212c2fb\" data-element_type=\"widget\" data-e-type=\"widget\" data-widget_type=\"wp-widget-custom_html.default\">\n\t\t\t\t<div class=\"elementor-widget-container\">\n\t\t\t\t\t<div class=\"textwidget custom-html-widget\">[fts_twitter twitter_name=sarah_wien tweets_count=1 cover_photo=no stats_bar=no show_retweets=no show_replies=no]<\/div>\t\t\t\t<\/div>\n\t\t\t\t<\/div>\n\t\t\t\t\t<\/div>\n\t\t<\/div>\n\t\t\t\t<div class=\"elementor-column elementor-col-50 elementor-top-column elementor-element elementor-element-a889716 ot-flex-column-vertical\" data-id=\"a889716\" data-element_type=\"column\" data-e-type=\"column\">\n\t\t\t<div class=\"elementor-widget-wrap elementor-element-populated\">\n\t\t\t\t\t\t<div class=\"elementor-element elementor-element-e50c426 elementor-widget elementor-widget-heading\" data-id=\"e50c426\" data-element_type=\"widget\" data-e-type=\"widget\" data-widget_type=\"heading.default\">\n\t\t\t\t<div class=\"elementor-widget-container\">\n\t\t\t\t\t<h2 class=\"elementor-heading-title elementor-size-default\">Mein Buch<\/h2>\t\t\t\t<\/div>\n\t\t\t\t<\/div>\n\t\t\t\t<div class=\"elementor-element elementor-element-781f038 elementor-widget elementor-widget-image\" data-id=\"781f038\" data-element_type=\"widget\" data-e-type=\"widget\" data-widget_type=\"image.default\">\n\t\t\t\t<div class=\"elementor-widget-container\">\n\t\t\t\t\t\t\t\t\t\t\t\t<figure class=\"wp-caption\">\n\t\t\t\t\t\t\t\t\t\t\t<a href=\"https:\/\/bristoluniversitypress.co.uk\/negotiating-migration-in-the-context-of-climate-change\" target=\"_blank\">\n\t\t\t\t\t\t\t<img decoding=\"async\" width=\"267\" height=\"400\" src=\"https:\/\/www.sarahnash.at\/wp-content\/uploads\/book.jpg\" class=\"attachment-large size-large wp-image-991\" alt=\"Negotiating Migration in the Context of Climate Change\" srcset=\"https:\/\/www.sarahnash.at\/wp-content\/uploads\/book.jpg 267w, https:\/\/www.sarahnash.at\/wp-content\/uploads\/book-200x300.jpg 200w\" sizes=\"(max-width: 267px) 100vw, 267px\" \/>\t\t\t\t\t\t\t\t<\/a>\n\t\t\t\t\t\t\t\t\t\t\t<figcaption class=\"widget-image-caption wp-caption-text\">Publisher: Bristol University Press<\/figcaption>\n\t\t\t\t\t\t\t\t\t\t<\/figure>\n\t\t\t\t\t\t\t\t\t<\/div>\n\t\t\t\t<\/div>\n\t\t\t\t\t<\/div>\n\t\t<\/div>\n\t\t\t\t\t<\/div>\n\t\t<\/section>\n\t\t\t\t<\/div>\n\t\t","protected":false},"excerpt":{"rendered":"<p>Dr. Sarah Louise Nash Politikwissenschaftlerin, Autorin, Rednerin Dr. Sarah Louise Nash ist Politikwissenschaftlerin und forscht an der Universit\u00e4t f\u00fcr Weiterbildung Krems (Donau Universit\u00e4t) und am Institut f\u00fcr Wald-, Umwelt-, und Ressourcenpolitik an der Universit\u00e4t f\u00fcr Bodenkultur (BOKU) in Wien. Seit M\u00e4rz 2020 ist sie im Rahmen einer Marie Sk\u0142odowska-Curie Ma\u00dfnahme der Europ\u00e4ischen Kommission t\u00e4tig. Ihr [&hellip;]<\/p>\n","protected":false},"author":1,"featured_media":0,"parent":0,"menu_order":0,"comment_status":"closed","ping_status":"closed","template":"","meta":{"footnotes":""},"class_list":["post-1295","page","type-page","status-publish","hentry"],"yoast_head":"<!-- This site is optimized with the Yoast SEO plugin v25.6 - https:\/\/yoast.com\/wordpress\/plugins\/seo\/ -->\n<title>\u00dcber mich - Dr. Sarah Haider-Nash<\/title>\n<meta name=\"robots\" content=\"index, follow, max-snippet:-1, max-image-preview:large, max-video-preview:-1\" \/>\n<link rel=\"canonical\" href=\"https:\/\/www.sarahnash.at\/de\/ueber-mich\/\" \/>\n<meta property=\"og:locale\" content=\"de_DE\" \/>\n<meta property=\"og:type\" content=\"article\" \/>\n<meta property=\"og:title\" content=\"\u00dcber mich - Dr. Sarah Haider-Nash\" \/>\n<meta property=\"og:description\" content=\"Dr. Sarah Louise Nash Politikwissenschaftlerin, Autorin, Rednerin Dr. Sarah Louise Nash ist Politikwissenschaftlerin und forscht an der Universit\u00e4t f\u00fcr Weiterbildung Krems (Donau Universit\u00e4t) und am Institut f\u00fcr Wald-, Umwelt-, und Ressourcenpolitik an der Universit\u00e4t f\u00fcr Bodenkultur (BOKU) in Wien. Seit M\u00e4rz 2020 ist sie im Rahmen einer Marie Sk\u0142odowska-Curie Ma\u00dfnahme der Europ\u00e4ischen Kommission t\u00e4tig. Ihr [&hellip;]\" \/>\n<meta property=\"og:url\" content=\"https:\/\/www.sarahnash.at\/de\/ueber-mich\/\" \/>\n<meta property=\"og:site_name\" content=\"Dr. Sarah Haider-Nash\" \/>\n<meta property=\"article:modified_time\" content=\"2022-03-14T10:59:43+00:00\" \/>\n<meta property=\"og:image\" content=\"https:\/\/www.sarahnash.at\/wp-content\/uploads\/Unbenannt.jpg\" \/>\n<meta name=\"twitter:card\" content=\"summary_large_image\" \/>\n<meta name=\"twitter:site\" content=\"@sarah_wien\" \/>\n<script type=\"application\/ld+json\" class=\"yoast-schema-graph\">{\"@context\":\"https:\/\/schema.org\",\"@graph\":[{\"@type\":\"WebPage\",\"@id\":\"https:\/\/www.sarahnash.at\/de\/ueber-mich\/\",\"url\":\"https:\/\/www.sarahnash.at\/de\/ueber-mich\/\",\"name\":\"\u00dcber mich - Dr. Sarah Haider-Nash\",\"isPartOf\":{\"@id\":\"https:\/\/www.sarahnash.at\/#website\"},\"primaryImageOfPage\":{\"@id\":\"https:\/\/www.sarahnash.at\/de\/ueber-mich\/#primaryimage\"},\"image\":{\"@id\":\"https:\/\/www.sarahnash.at\/de\/ueber-mich\/#primaryimage\"},\"thumbnailUrl\":\"https:\/\/www.sarahnash.at\/wp-content\/uploads\/Unbenannt.jpg\",\"datePublished\":\"2021-01-21T13:14:39+00:00\",\"dateModified\":\"2022-03-14T10:59:43+00:00\",\"breadcrumb\":{\"@id\":\"https:\/\/www.sarahnash.at\/de\/ueber-mich\/#breadcrumb\"},\"inLanguage\":\"de\",\"potentialAction\":[{\"@type\":\"ReadAction\",\"target\":[\"https:\/\/www.sarahnash.at\/de\/ueber-mich\/\"]}]},{\"@type\":\"ImageObject\",\"inLanguage\":\"de\",\"@id\":\"https:\/\/www.sarahnash.at\/de\/ueber-mich\/#primaryimage\",\"url\":\"https:\/\/www.sarahnash.at\/wp-content\/uploads\/Unbenannt.jpg\",\"contentUrl\":\"https:\/\/www.sarahnash.at\/wp-content\/uploads\/Unbenannt.jpg\"},{\"@type\":\"BreadcrumbList\",\"@id\":\"https:\/\/www.sarahnash.at\/de\/ueber-mich\/#breadcrumb\",\"itemListElement\":[{\"@type\":\"ListItem\",\"position\":1,\"name\":\"Home\",\"item\":\"https:\/\/www.sarahnash.at\/de\/\"},{\"@type\":\"ListItem\",\"position\":2,\"name\":\"\u00dcber mich\"}]},{\"@type\":\"WebSite\",\"@id\":\"https:\/\/www.sarahnash.at\/#website\",\"url\":\"https:\/\/www.sarahnash.at\/\",\"name\":\"Sarah Louise Nash\",\"description\":\"\",\"publisher\":{\"@id\":\"https:\/\/www.sarahnash.at\/#\/schema\/person\/a98e791dd9f5c32c77198499945e8c03\"},\"potentialAction\":[{\"@type\":\"SearchAction\",\"target\":{\"@type\":\"EntryPoint\",\"urlTemplate\":\"https:\/\/www.sarahnash.at\/?s={search_term_string}\"},\"query-input\":{\"@type\":\"PropertyValueSpecification\",\"valueRequired\":true,\"valueName\":\"search_term_string\"}}],\"inLanguage\":\"de\"},{\"@type\":[\"Person\",\"Organization\"],\"@id\":\"https:\/\/www.sarahnash.at\/#\/schema\/person\/a98e791dd9f5c32c77198499945e8c03\",\"name\":\"Sarah Haider-Nash\",\"image\":{\"@type\":\"ImageObject\",\"inLanguage\":\"de\",\"@id\":\"https:\/\/www.sarahnash.at\/#\/schema\/person\/image\/\",\"url\":\"https:\/\/secure.gravatar.com\/avatar\/b461a50706823bbf9c88b68dcd87e5a7?s=96&d=mm&r=g\",\"contentUrl\":\"https:\/\/secure.gravatar.com\/avatar\/b461a50706823bbf9c88b68dcd87e5a7?s=96&d=mm&r=g\",\"caption\":\"Sarah Haider-Nash\"},\"logo\":{\"@id\":\"https:\/\/www.sarahnash.at\/#\/schema\/person\/image\/\"},\"sameAs\":[\"https:\/\/www.sarahnash.at\",\"https:\/\/x.com\/sarah_wien\"]}]}<\/script>\n<!-- \/ Yoast SEO plugin. -->","yoast_head_json":{"title":"\u00dcber mich - Dr. Sarah Haider-Nash","robots":{"index":"index","follow":"follow","max-snippet":"max-snippet:-1","max-image-preview":"max-image-preview:large","max-video-preview":"max-video-preview:-1"},"canonical":"https:\/\/www.sarahnash.at\/de\/ueber-mich\/","og_locale":"de_DE","og_type":"article","og_title":"\u00dcber mich - Dr. Sarah Haider-Nash","og_description":"Dr. Sarah Louise Nash Politikwissenschaftlerin, Autorin, Rednerin Dr. Sarah Louise Nash ist Politikwissenschaftlerin und forscht an der Universit\u00e4t f\u00fcr Weiterbildung Krems (Donau Universit\u00e4t) und am Institut f\u00fcr Wald-, Umwelt-, und Ressourcenpolitik an der Universit\u00e4t f\u00fcr Bodenkultur (BOKU) in Wien. Seit M\u00e4rz 2020 ist sie im Rahmen einer Marie Sk\u0142odowska-Curie Ma\u00dfnahme der Europ\u00e4ischen Kommission t\u00e4tig. Ihr [&hellip;]","og_url":"https:\/\/www.sarahnash.at\/de\/ueber-mich\/","og_site_name":"Dr. Sarah Haider-Nash","article_modified_time":"2022-03-14T10:59:43+00:00","og_image":[{"url":"https:\/\/www.sarahnash.at\/wp-content\/uploads\/Unbenannt.jpg","type":"","width":"","height":""}],"twitter_card":"summary_large_image","twitter_site":"@sarah_wien","schema":{"@context":"https:\/\/schema.org","@graph":[{"@type":"WebPage","@id":"https:\/\/www.sarahnash.at\/de\/ueber-mich\/","url":"https:\/\/www.sarahnash.at\/de\/ueber-mich\/","name":"\u00dcber mich - Dr. Sarah Haider-Nash","isPartOf":{"@id":"https:\/\/www.sarahnash.at\/#website"},"primaryImageOfPage":{"@id":"https:\/\/www.sarahnash.at\/de\/ueber-mich\/#primaryimage"},"image":{"@id":"https:\/\/www.sarahnash.at\/de\/ueber-mich\/#primaryimage"},"thumbnailUrl":"https:\/\/www.sarahnash.at\/wp-content\/uploads\/Unbenannt.jpg","datePublished":"2021-01-21T13:14:39+00:00","dateModified":"2022-03-14T10:59:43+00:00","breadcrumb":{"@id":"https:\/\/www.sarahnash.at\/de\/ueber-mich\/#breadcrumb"},"inLanguage":"de","potentialAction":[{"@type":"ReadAction","target":["https:\/\/www.sarahnash.at\/de\/ueber-mich\/"]}]},{"@type":"ImageObject","inLanguage":"de","@id":"https:\/\/www.sarahnash.at\/de\/ueber-mich\/#primaryimage","url":"https:\/\/www.sarahnash.at\/wp-content\/uploads\/Unbenannt.jpg","contentUrl":"https:\/\/www.sarahnash.at\/wp-content\/uploads\/Unbenannt.jpg"},{"@type":"BreadcrumbList","@id":"https:\/\/www.sarahnash.at\/de\/ueber-mich\/#breadcrumb","itemListElement":[{"@type":"ListItem","position":1,"name":"Home","item":"https:\/\/www.sarahnash.at\/de\/"},{"@type":"ListItem","position":2,"name":"\u00dcber mich"}]},{"@type":"WebSite","@id":"https:\/\/www.sarahnash.at\/#website","url":"https:\/\/www.sarahnash.at\/","name":"Sarah Louise Nash","description":"","publisher":{"@id":"https:\/\/www.sarahnash.at\/#\/schema\/person\/a98e791dd9f5c32c77198499945e8c03"},"potentialAction":[{"@type":"SearchAction","target":{"@type":"EntryPoint","urlTemplate":"https:\/\/www.sarahnash.at\/?s={search_term_string}"},"query-input":{"@type":"PropertyValueSpecification","valueRequired":true,"valueName":"search_term_string"}}],"inLanguage":"de"},{"@type":["Person","Organization"],"@id":"https:\/\/www.sarahnash.at\/#\/schema\/person\/a98e791dd9f5c32c77198499945e8c03","name":"Sarah Haider-Nash","image":{"@type":"ImageObject","inLanguage":"de","@id":"https:\/\/www.sarahnash.at\/#\/schema\/person\/image\/","url":"https:\/\/secure.gravatar.com\/avatar\/b461a50706823bbf9c88b68dcd87e5a7?s=96&d=mm&r=g","contentUrl":"https:\/\/secure.gravatar.com\/avatar\/b461a50706823bbf9c88b68dcd87e5a7?s=96&d=mm&r=g","caption":"Sarah Haider-Nash"},"logo":{"@id":"https:\/\/www.sarahnash.at\/#\/schema\/person\/image\/"},"sameAs":["https:\/\/www.sarahnash.at","https:\/\/x.com\/sarah_wien"]}]}},"_links":{"self":[{"href":"https:\/\/www.sarahnash.at\/de\/wp-json\/wp\/v2\/pages\/1295\/"}],"collection":[{"href":"https:\/\/www.sarahnash.at\/de\/wp-json\/wp\/v2\/pages\/"}],"about":[{"href":"https:\/\/www.sarahnash.at\/de\/wp-json\/wp\/v2\/types\/page\/"}],"author":[{"embeddable":true,"href":"https:\/\/www.sarahnash.at\/de\/wp-json\/wp\/v2\/users\/1\/"}],"replies":[{"embeddable":true,"href":"https:\/\/www.sarahnash.at\/de\/wp-json\/wp\/v2\/comments\/?post=1295"}],"version-history":[{"count":9,"href":"https:\/\/www.sarahnash.at\/de\/wp-json\/wp\/v2\/pages\/1295\/revisions\/"}],"predecessor-version":[{"id":1798,"href":"https:\/\/www.sarahnash.at\/de\/wp-json\/wp\/v2\/pages\/1295\/revisions\/1798\/"}],"wp:attachment":[{"href":"https:\/\/www.sarahnash.at\/de\/wp-json\/wp\/v2\/media\/?parent=1295"}],"curies":[{"name":"wp","href":"https:\/\/api.w.org\/{rel}","templated":true}]}}