{"id":1603,"date":"2021-01-22T13:28:03","date_gmt":"2021-01-22T12:28:03","guid":{"rendered":"https:\/\/www.sarahnash.at\/?page_id=1603"},"modified":"2021-01-22T18:53:47","modified_gmt":"2021-01-22T17:53:47","slug":"nachhaltig-forschen","status":"publish","type":"page","link":"https:\/\/www.sarahnash.at\/de\/nachhaltig-forschen\/","title":{"rendered":"Nachhaltig Forschen"},"content":{"rendered":"\t\t<div data-elementor-type=\"wp-page\" data-elementor-id=\"1603\" class=\"elementor elementor-1603\">\n\t\t\t\t\t\t<section class=\"elementor-section elementor-top-section elementor-element elementor-element-ba074b1 elementor-section-boxed elementor-section-height-default elementor-section-height-default\" data-id=\"ba074b1\" data-element_type=\"section\" data-e-type=\"section\">\n\t\t\t\t\t\t<div class=\"elementor-container elementor-column-gap-default\">\n\t\t\t\t\t<div class=\"elementor-column elementor-col-100 elementor-top-column elementor-element elementor-element-26d3fea ot-flex-column-vertical\" data-id=\"26d3fea\" data-element_type=\"column\" data-e-type=\"column\">\n\t\t\t<div class=\"elementor-widget-wrap elementor-element-populated\">\n\t\t\t\t\t\t<div class=\"elementor-element elementor-element-faec3e9 elementor-hidden-phone elementor-widget elementor-widget-spacer\" data-id=\"faec3e9\" data-element_type=\"widget\" data-e-type=\"widget\" data-widget_type=\"spacer.default\">\n\t\t\t\t<div class=\"elementor-widget-container\">\n\t\t\t\t\t\t\t<div class=\"elementor-spacer\">\n\t\t\t<div class=\"elementor-spacer-inner\"><\/div>\n\t\t<\/div>\n\t\t\t\t\t\t<\/div>\n\t\t\t\t<\/div>\n\t\t\t\t\t<\/div>\n\t\t<\/div>\n\t\t\t\t\t<\/div>\n\t\t<\/section>\n\t\t\t\t<section class=\"elementor-section elementor-top-section elementor-element elementor-element-aba058d elementor-section-boxed elementor-section-height-default elementor-section-height-default\" data-id=\"aba058d\" data-element_type=\"section\" data-e-type=\"section\">\n\t\t\t\t\t\t<div class=\"elementor-container elementor-column-gap-extended\">\n\t\t\t\t\t<div class=\"elementor-column elementor-col-66 elementor-top-column elementor-element elementor-element-95d3dbd ot-flex-column-vertical\" data-id=\"95d3dbd\" data-element_type=\"column\" data-e-type=\"column\">\n\t\t\t<div class=\"elementor-widget-wrap elementor-element-populated\">\n\t\t\t\t\t\t<div class=\"elementor-element elementor-element-52db60a elementor-widget elementor-widget-heading\" data-id=\"52db60a\" data-element_type=\"widget\" data-e-type=\"widget\" data-widget_type=\"heading.default\">\n\t\t\t\t<div class=\"elementor-widget-container\">\n\t\t\t\t\t<h2 class=\"elementor-heading-title elementor-size-default\">Nachhaltig Forschen<\/h2>\t\t\t\t<\/div>\n\t\t\t\t<\/div>\n\t\t\t\t<div class=\"elementor-element elementor-element-c866f6a elementor-widget elementor-widget-spacer\" data-id=\"c866f6a\" data-element_type=\"widget\" data-e-type=\"widget\" data-widget_type=\"spacer.default\">\n\t\t\t\t<div class=\"elementor-widget-container\">\n\t\t\t\t\t\t\t<div class=\"elementor-spacer\">\n\t\t\t<div class=\"elementor-spacer-inner\"><\/div>\n\t\t<\/div>\n\t\t\t\t\t\t<\/div>\n\t\t\t\t<\/div>\n\t\t\t\t<div class=\"elementor-element elementor-element-01e2fa2 elementor-widget elementor-widget-text-editor\" data-id=\"01e2fa2\" data-element_type=\"widget\" data-e-type=\"widget\" data-widget_type=\"text-editor.default\">\n\t\t\t\t<div class=\"elementor-widget-container\">\n\t\t\t\t\t\t\t\t\t<p style=\"text-align: justify;-webkit-hyphens: auto;-moz-hyphens: auto;hyphens: auto;\">Da ich zum Thema Klimawandel forsche, ist es mir sehr wichtig, dass meine Forschungst\u00e4tigkeiten einen m\u00f6glichst geringen CO2-Fu\u00dfabdruck haben. In der Forschung stammen viele Emissionen von Dienstreisen f\u00fcr Feldforschung oder wissenschaftliche Konferenzen. Schon vor der Pandemie und den damit verbundenen Reisebeschr\u00e4nkungen habe ich mich entschieden im Rahmen von meinem Marie Sk\u0142odowska-Curie Projekt komplett auf Dienstreisen mit dem Flugzeug zu verzichten.<\/p>\n<p style=\"text-align: justify;\">Wenn Forschungst\u00e4tigkeiten im Ausland wieder m\u00f6glich sind, werden daher Dienstreisen mit der Bahn abgewickelt. Ich berichte auf Twitter \u00fcber diese Reisen, um auch ein gr\u00f6\u00dferes Bewusstsein daf\u00fcr in der wissenschaftlichen Community zu schaffen.<\/p>\n<p style=\"text-align: justify;\">Dazu habe ich auch die Selbstverpflichtung von Scientists for Future unterschrieben, dass ich ab sofort auf dienstliche Kurzstreckenfl\u00fcge bis 1.000 km verzichte, wenn die Reise mit alternativen Verkehrsmitteln in maximal 12 Stunden durchf\u00fchrbar ist.<\/p>\t\t\t\t\t\t\t\t<\/div>\n\t\t\t\t<\/div>\n\t\t\t\t<div class=\"elementor-element elementor-element-f942b35 elementor-widget elementor-widget-spacer\" data-id=\"f942b35\" data-element_type=\"widget\" data-e-type=\"widget\" data-widget_type=\"spacer.default\">\n\t\t\t\t<div class=\"elementor-widget-container\">\n\t\t\t\t\t\t\t<div class=\"elementor-spacer\">\n\t\t\t<div class=\"elementor-spacer-inner\"><\/div>\n\t\t<\/div>\n\t\t\t\t\t\t<\/div>\n\t\t\t\t<\/div>\n\t\t\t\t<div class=\"elementor-element elementor-element-842558b elementor-align-left elementor-widget elementor-widget-button\" data-id=\"842558b\" data-element_type=\"widget\" data-e-type=\"widget\" data-widget_type=\"button.default\">\n\t\t\t\t<div class=\"elementor-widget-container\">\n\t\t\t\t\t\t\t\t\t<div class=\"elementor-button-wrapper\">\n\t\t\t\t\t<a class=\"elementor-button elementor-button-link elementor-size-sm\" href=\"https:\/\/unter1000.scientists4future.org\/de\/selbstverpflichtung-verzicht-kurzstreckenfluege\/\" target=\"_blank\">\n\t\t\t\t\t\t<span class=\"elementor-button-content-wrapper\">\n\t\t\t\t\t\t\t\t\t<span class=\"elementor-button-text\">Weitere Infos<\/span>\n\t\t\t\t\t<\/span>\n\t\t\t\t\t<\/a>\n\t\t\t\t<\/div>\n\t\t\t\t\t\t\t\t<\/div>\n\t\t\t\t<\/div>\n\t\t\t\t\t<\/div>\n\t\t<\/div>\n\t\t\t\t<div class=\"elementor-column elementor-col-33 elementor-top-column elementor-element elementor-element-9511f27 ot-flex-column-vertical\" data-id=\"9511f27\" data-element_type=\"column\" data-e-type=\"column\">\n\t\t\t<div class=\"elementor-widget-wrap elementor-element-populated\">\n\t\t\t\t\t\t<div class=\"elementor-element elementor-element-98f708f elementor-hidden-phone elementor-widget elementor-widget-image\" data-id=\"98f708f\" data-element_type=\"widget\" data-e-type=\"widget\" data-widget_type=\"image.default\">\n\t\t\t\t<div class=\"elementor-widget-container\">\n\t\t\t\t\t\t\t\t\t\t\t\t\t\t\t<img fetchpriority=\"high\" decoding=\"async\" width=\"288\" height=\"450\" src=\"https:\/\/www.sarahnash.at\/wp-content\/uploads\/train-small-1.jpg\" class=\"attachment-full size-full wp-image-1205\" alt=\"\" srcset=\"https:\/\/www.sarahnash.at\/wp-content\/uploads\/train-small-1.jpg 288w, https:\/\/www.sarahnash.at\/wp-content\/uploads\/train-small-1-192x300.jpg 192w\" sizes=\"(max-width: 288px) 100vw, 288px\" \/>\t\t\t\t\t\t\t\t\t\t\t\t\t\t\t<\/div>\n\t\t\t\t<\/div>\n\t\t\t\t\t<\/div>\n\t\t<\/div>\n\t\t\t\t\t<\/div>\n\t\t<\/section>\n\t\t\t\t<\/div>\n\t\t","protected":false},"excerpt":{"rendered":"<p>Nachhaltig Forschen Da ich zum Thema Klimawandel forsche, ist es mir sehr wichtig, dass meine Forschungst\u00e4tigkeiten einen m\u00f6glichst geringen CO2-Fu\u00dfabdruck haben. In der Forschung stammen viele Emissionen von Dienstreisen f\u00fcr Feldforschung oder wissenschaftliche Konferenzen. Schon vor der Pandemie und den damit verbundenen Reisebeschr\u00e4nkungen habe ich mich entschieden im Rahmen von meinem Marie Sk\u0142odowska-Curie Projekt komplett [&hellip;]<\/p>\n","protected":false},"author":1,"featured_media":0,"parent":0,"menu_order":0,"comment_status":"closed","ping_status":"closed","template":"","meta":{"footnotes":""},"class_list":["post-1603","page","type-page","status-publish","hentry"],"yoast_head":"<!-- This site is optimized with the Yoast SEO plugin v25.6 - https:\/\/yoast.com\/wordpress\/plugins\/seo\/ -->\n<title>Nachhaltig Forschen - Dr. Sarah Haider-Nash<\/title>\n<meta name=\"robots\" content=\"index, follow, max-snippet:-1, max-image-preview:large, max-video-preview:-1\" \/>\n<link rel=\"canonical\" href=\"https:\/\/www.sarahnash.at\/de\/nachhaltig-forschen\/\" \/>\n<meta property=\"og:locale\" content=\"de_DE\" \/>\n<meta property=\"og:type\" content=\"article\" \/>\n<meta property=\"og:title\" content=\"Nachhaltig Forschen - Dr. Sarah Haider-Nash\" \/>\n<meta property=\"og:description\" content=\"Nachhaltig Forschen Da ich zum Thema Klimawandel forsche, ist es mir sehr wichtig, dass meine Forschungst\u00e4tigkeiten einen m\u00f6glichst geringen CO2-Fu\u00dfabdruck haben. In der Forschung stammen viele Emissionen von Dienstreisen f\u00fcr Feldforschung oder wissenschaftliche Konferenzen. Schon vor der Pandemie und den damit verbundenen Reisebeschr\u00e4nkungen habe ich mich entschieden im Rahmen von meinem Marie Sk\u0142odowska-Curie Projekt komplett [&hellip;]\" \/>\n<meta property=\"og:url\" content=\"https:\/\/www.sarahnash.at\/de\/nachhaltig-forschen\/\" \/>\n<meta property=\"og:site_name\" content=\"Dr. Sarah Haider-Nash\" \/>\n<meta property=\"article:modified_time\" content=\"2021-01-22T17:53:47+00:00\" \/>\n<meta property=\"og:image\" content=\"https:\/\/www.sarahnash.at\/wp-content\/uploads\/train-small-1.jpg\" \/>\n<meta name=\"twitter:card\" content=\"summary_large_image\" \/>\n<meta name=\"twitter:site\" content=\"@sarah_wien\" \/>\n<script type=\"application\/ld+json\" class=\"yoast-schema-graph\">{\"@context\":\"https:\/\/schema.org\",\"@graph\":[{\"@type\":\"WebPage\",\"@id\":\"https:\/\/www.sarahnash.at\/de\/nachhaltig-forschen\/\",\"url\":\"https:\/\/www.sarahnash.at\/de\/nachhaltig-forschen\/\",\"name\":\"Nachhaltig Forschen - Dr. Sarah Haider-Nash\",\"isPartOf\":{\"@id\":\"https:\/\/www.sarahnash.at\/#website\"},\"primaryImageOfPage\":{\"@id\":\"https:\/\/www.sarahnash.at\/de\/nachhaltig-forschen\/#primaryimage\"},\"image\":{\"@id\":\"https:\/\/www.sarahnash.at\/de\/nachhaltig-forschen\/#primaryimage\"},\"thumbnailUrl\":\"https:\/\/www.sarahnash.at\/wp-content\/uploads\/train-small-1.jpg\",\"datePublished\":\"2021-01-22T12:28:03+00:00\",\"dateModified\":\"2021-01-22T17:53:47+00:00\",\"breadcrumb\":{\"@id\":\"https:\/\/www.sarahnash.at\/de\/nachhaltig-forschen\/#breadcrumb\"},\"inLanguage\":\"de\",\"potentialAction\":[{\"@type\":\"ReadAction\",\"target\":[\"https:\/\/www.sarahnash.at\/de\/nachhaltig-forschen\/\"]}]},{\"@type\":\"ImageObject\",\"inLanguage\":\"de\",\"@id\":\"https:\/\/www.sarahnash.at\/de\/nachhaltig-forschen\/#primaryimage\",\"url\":\"https:\/\/www.sarahnash.at\/wp-content\/uploads\/train-small-1.jpg\",\"contentUrl\":\"https:\/\/www.sarahnash.at\/wp-content\/uploads\/train-small-1.jpg\"},{\"@type\":\"BreadcrumbList\",\"@id\":\"https:\/\/www.sarahnash.at\/de\/nachhaltig-forschen\/#breadcrumb\",\"itemListElement\":[{\"@type\":\"ListItem\",\"position\":1,\"name\":\"Home\",\"item\":\"https:\/\/www.sarahnash.at\/de\/\"},{\"@type\":\"ListItem\",\"position\":2,\"name\":\"Nachhaltig Forschen\"}]},{\"@type\":\"WebSite\",\"@id\":\"https:\/\/www.sarahnash.at\/#website\",\"url\":\"https:\/\/www.sarahnash.at\/\",\"name\":\"Sarah Louise Nash\",\"description\":\"\",\"publisher\":{\"@id\":\"https:\/\/www.sarahnash.at\/#\/schema\/person\/a98e791dd9f5c32c77198499945e8c03\"},\"potentialAction\":[{\"@type\":\"SearchAction\",\"target\":{\"@type\":\"EntryPoint\",\"urlTemplate\":\"https:\/\/www.sarahnash.at\/?s={search_term_string}\"},\"query-input\":{\"@type\":\"PropertyValueSpecification\",\"valueRequired\":true,\"valueName\":\"search_term_string\"}}],\"inLanguage\":\"de\"},{\"@type\":[\"Person\",\"Organization\"],\"@id\":\"https:\/\/www.sarahnash.at\/#\/schema\/person\/a98e791dd9f5c32c77198499945e8c03\",\"name\":\"Sarah Haider-Nash\",\"image\":{\"@type\":\"ImageObject\",\"inLanguage\":\"de\",\"@id\":\"https:\/\/www.sarahnash.at\/#\/schema\/person\/image\/\",\"url\":\"https:\/\/secure.gravatar.com\/avatar\/b461a50706823bbf9c88b68dcd87e5a7?s=96&d=mm&r=g\",\"contentUrl\":\"https:\/\/secure.gravatar.com\/avatar\/b461a50706823bbf9c88b68dcd87e5a7?s=96&d=mm&r=g\",\"caption\":\"Sarah Haider-Nash\"},\"logo\":{\"@id\":\"https:\/\/www.sarahnash.at\/#\/schema\/person\/image\/\"},\"sameAs\":[\"https:\/\/www.sarahnash.at\",\"https:\/\/x.com\/sarah_wien\"]}]}<\/script>\n<!-- \/ Yoast SEO plugin. -->","yoast_head_json":{"title":"Nachhaltig Forschen - Dr. Sarah Haider-Nash","robots":{"index":"index","follow":"follow","max-snippet":"max-snippet:-1","max-image-preview":"max-image-preview:large","max-video-preview":"max-video-preview:-1"},"canonical":"https:\/\/www.sarahnash.at\/de\/nachhaltig-forschen\/","og_locale":"de_DE","og_type":"article","og_title":"Nachhaltig Forschen - Dr. Sarah Haider-Nash","og_description":"Nachhaltig Forschen Da ich zum Thema Klimawandel forsche, ist es mir sehr wichtig, dass meine Forschungst\u00e4tigkeiten einen m\u00f6glichst geringen CO2-Fu\u00dfabdruck haben. In der Forschung stammen viele Emissionen von Dienstreisen f\u00fcr Feldforschung oder wissenschaftliche Konferenzen. Schon vor der Pandemie und den damit verbundenen Reisebeschr\u00e4nkungen habe ich mich entschieden im Rahmen von meinem Marie Sk\u0142odowska-Curie Projekt komplett [&hellip;]","og_url":"https:\/\/www.sarahnash.at\/de\/nachhaltig-forschen\/","og_site_name":"Dr. Sarah Haider-Nash","article_modified_time":"2021-01-22T17:53:47+00:00","og_image":[{"url":"https:\/\/www.sarahnash.at\/wp-content\/uploads\/train-small-1.jpg","type":"","width":"","height":""}],"twitter_card":"summary_large_image","twitter_site":"@sarah_wien","schema":{"@context":"https:\/\/schema.org","@graph":[{"@type":"WebPage","@id":"https:\/\/www.sarahnash.at\/de\/nachhaltig-forschen\/","url":"https:\/\/www.sarahnash.at\/de\/nachhaltig-forschen\/","name":"Nachhaltig Forschen - Dr. Sarah Haider-Nash","isPartOf":{"@id":"https:\/\/www.sarahnash.at\/#website"},"primaryImageOfPage":{"@id":"https:\/\/www.sarahnash.at\/de\/nachhaltig-forschen\/#primaryimage"},"image":{"@id":"https:\/\/www.sarahnash.at\/de\/nachhaltig-forschen\/#primaryimage"},"thumbnailUrl":"https:\/\/www.sarahnash.at\/wp-content\/uploads\/train-small-1.jpg","datePublished":"2021-01-22T12:28:03+00:00","dateModified":"2021-01-22T17:53:47+00:00","breadcrumb":{"@id":"https:\/\/www.sarahnash.at\/de\/nachhaltig-forschen\/#breadcrumb"},"inLanguage":"de","potentialAction":[{"@type":"ReadAction","target":["https:\/\/www.sarahnash.at\/de\/nachhaltig-forschen\/"]}]},{"@type":"ImageObject","inLanguage":"de","@id":"https:\/\/www.sarahnash.at\/de\/nachhaltig-forschen\/#primaryimage","url":"https:\/\/www.sarahnash.at\/wp-content\/uploads\/train-small-1.jpg","contentUrl":"https:\/\/www.sarahnash.at\/wp-content\/uploads\/train-small-1.jpg"},{"@type":"BreadcrumbList","@id":"https:\/\/www.sarahnash.at\/de\/nachhaltig-forschen\/#breadcrumb","itemListElement":[{"@type":"ListItem","position":1,"name":"Home","item":"https:\/\/www.sarahnash.at\/de\/"},{"@type":"ListItem","position":2,"name":"Nachhaltig Forschen"}]},{"@type":"WebSite","@id":"https:\/\/www.sarahnash.at\/#website","url":"https:\/\/www.sarahnash.at\/","name":"Sarah Louise Nash","description":"","publisher":{"@id":"https:\/\/www.sarahnash.at\/#\/schema\/person\/a98e791dd9f5c32c77198499945e8c03"},"potentialAction":[{"@type":"SearchAction","target":{"@type":"EntryPoint","urlTemplate":"https:\/\/www.sarahnash.at\/?s={search_term_string}"},"query-input":{"@type":"PropertyValueSpecification","valueRequired":true,"valueName":"search_term_string"}}],"inLanguage":"de"},{"@type":["Person","Organization"],"@id":"https:\/\/www.sarahnash.at\/#\/schema\/person\/a98e791dd9f5c32c77198499945e8c03","name":"Sarah Haider-Nash","image":{"@type":"ImageObject","inLanguage":"de","@id":"https:\/\/www.sarahnash.at\/#\/schema\/person\/image\/","url":"https:\/\/secure.gravatar.com\/avatar\/b461a50706823bbf9c88b68dcd87e5a7?s=96&d=mm&r=g","contentUrl":"https:\/\/secure.gravatar.com\/avatar\/b461a50706823bbf9c88b68dcd87e5a7?s=96&d=mm&r=g","caption":"Sarah Haider-Nash"},"logo":{"@id":"https:\/\/www.sarahnash.at\/#\/schema\/person\/image\/"},"sameAs":["https:\/\/www.sarahnash.at","https:\/\/x.com\/sarah_wien"]}]}},"_links":{"self":[{"href":"https:\/\/www.sarahnash.at\/de\/wp-json\/wp\/v2\/pages\/1603\/"}],"collection":[{"href":"https:\/\/www.sarahnash.at\/de\/wp-json\/wp\/v2\/pages\/"}],"about":[{"href":"https:\/\/www.sarahnash.at\/de\/wp-json\/wp\/v2\/types\/page\/"}],"author":[{"embeddable":true,"href":"https:\/\/www.sarahnash.at\/de\/wp-json\/wp\/v2\/users\/1\/"}],"replies":[{"embeddable":true,"href":"https:\/\/www.sarahnash.at\/de\/wp-json\/wp\/v2\/comments\/?post=1603"}],"version-history":[{"count":6,"href":"https:\/\/www.sarahnash.at\/de\/wp-json\/wp\/v2\/pages\/1603\/revisions\/"}],"predecessor-version":[{"id":1702,"href":"https:\/\/www.sarahnash.at\/de\/wp-json\/wp\/v2\/pages\/1603\/revisions\/1702\/"}],"wp:attachment":[{"href":"https:\/\/www.sarahnash.at\/de\/wp-json\/wp\/v2\/media\/?parent=1603"}],"curies":[{"name":"wp","href":"https:\/\/api.w.org\/{rel}","templated":true}]}}